{"id":24,"date":"2026-01-21T09:57:31","date_gmt":"2026-01-21T09:57:31","guid":{"rendered":"https:\/\/robertogracia.fpcei.eu\/?page_id=24"},"modified":"2026-01-28T10:14:16","modified_gmt":"2026-01-28T10:14:16","slug":"premios-y-opiniones","status":"publish","type":"page","link":"https:\/\/robertogracia.fpcei.eu\/?page_id=24","title":{"rendered":"Premios y Reconocimientos"},"content":{"rendered":"\n<p>La serie \u00abSnowpiercer\u00bb ha recibido varios premios y reconocimientos algunos de los m\u00e1s destacados son:<\/p>\n\n\n\n<p>Ganador: Mejor Actor en una serie de Acci\u00f3n (2021) y en una serie de Ciencia Ficci\u00f3n\/Fantas\u00eda (2022) \u00abDaveed Diggs\u00bb.<\/p>\n\n\n\n<p>Nominado: Mejor serie de Ciencia Ficci\u00f3n\/Fantas\u00eda (2022).<\/p>\n\n\n\n<p>Nominado: Mejor actriz en una serie de Acci\u00f3n (2021) &#8211; \u00abJennifer Connelly\u00bb.<\/p>\n\n\n\n<p>Nominado: Mejor actriz en una serie de Ciencia Ficci\u00f3n\/Fantas\u00eda (2022) &#8211; \u00abAlison Wright\u00bb.<\/p>\n\n\n\n<p>Premios Saturn (2021):Nominada a mejor serie de acci\u00f3n, aventura o thriller.<\/p>\n","protected":false},"excerpt":{"rendered":"<p>La serie \u00abSnowpiercer\u00bb ha recibido varios premios y reconocimientos algunos de los m\u00e1s destacados son: Ganador: Mejor Actor en una serie de Acci\u00f3n (2021) y en una serie de Ciencia Ficci\u00f3n\/Fantas\u00eda (2022) \u00abDaveed Diggs\u00bb. Nominado: Mejor serie de Ciencia Ficci\u00f3n\/Fantas\u00eda (2022). Nominado: Mejor actriz en una serie de Acci\u00f3n (2021) &#8211; \u00abJennifer Connelly\u00bb. Nominado: Mejor [&hellip;]<\/p>\n","protected":false},"author":2,"featured_media":0,"parent":0,"menu_order":0,"comment_status":"closed","ping_status":"closed","template":"","meta":{"footnotes":""},"class_list":["post-24","page","type-page","status-publish","hentry"],"_links":{"self":[{"href":"https:\/\/robertogracia.fpcei.eu\/index.php?rest_route=\/wp\/v2\/pages\/24","targetHints":{"allow":["GET"]}}],"collection":[{"href":"https:\/\/robertogracia.fpcei.eu\/index.php?rest_route=\/wp\/v2\/pages"}],"about":[{"href":"https:\/\/robertogracia.fpcei.eu\/index.php?rest_route=\/wp\/v2\/types\/page"}],"author":[{"embeddable":true,"href":"https:\/\/robertogracia.fpcei.eu\/index.php?rest_route=\/wp\/v2\/users\/2"}],"replies":[{"embeddable":true,"href":"https:\/\/robertogracia.fpcei.eu\/index.php?rest_route=%2Fwp%2Fv2%2Fcomments&post=24"}],"version-history":[{"count":4,"href":"https:\/\/robertogracia.fpcei.eu\/index.php?rest_route=\/wp\/v2\/pages\/24\/revisions"}],"predecessor-version":[{"id":53,"href":"https:\/\/robertogracia.fpcei.eu\/index.php?rest_route=\/wp\/v2\/pages\/24\/revisions\/53"}],"wp:attachment":[{"href":"https:\/\/robertogracia.fpcei.eu\/index.php?rest_route=%2Fwp%2Fv2%2Fmedia&parent=24"}],"curies":[{"name":"wp","href":"https:\/\/api.w.org\/{rel}","templated":true}]}}