{"id":22,"date":"2026-01-21T09:56:12","date_gmt":"2026-01-21T09:56:12","guid":{"rendered":"https:\/\/robertogracia.fpcei.eu\/?page_id=22"},"modified":"2026-02-11T10:45:26","modified_gmt":"2026-02-11T10:45:26","slug":"curiosidades","status":"publish","type":"page","link":"https:\/\/robertogracia.fpcei.eu\/?page_id=22","title":{"rendered":"Curiosidades"},"content":{"rendered":"\n<p>Algunas curiosidades de la serie son:<\/p>\n\n\n\n<p>La Lucha de clases:&nbsp;La distribuci\u00f3n de pasajeros en vagones representa una sociedad dividida horizontalmente por clase, desde los \u00abcoleros\u00bb (tailies) en la cola hasta los ricos en la cabeza del tren.<\/p>\n\n\n\n<p>Canibalismo y cr\u00edtica:&nbsp;El consumo de ni\u00f1os en la cola se presenta como una consecuencia del sistema capitalista que no provee, revirtiendo propaganda anticomunista.<\/p>\n\n\n\n<p>El misterio de Wilford:&nbsp;El creador del tren es el enigm\u00e1tico Sr. Wilford, cuyo nombre y legado son centrales en la trama, a diferencia del c\u00f3mic original.<\/p>\n\n\n\n<p>Ficci\u00f3n vs. Realidad:&nbsp;Las barras de prote\u00ednas del tren eran una mezcla de gelatina, algas y az\u00facar; algunos actores las odiaban y otros las amaban.<\/p>\n\n\n\n<p>Un final esperanzador:&nbsp;La pel\u00edcula (y el c\u00f3mic) sugieren un renacimiento de la naturaleza tras el apocalipsis, a diferencia de la serie que explora m\u00e1s a fondo la divisi\u00f3n social.<\/p>\n\n\n\n<p>Un asesinato central:&nbsp;A diferencia de la pel\u00edcula, la serie introduce un asesinato fuera de la cola, forzando la colaboraci\u00f3n entre clases.<\/p>\n\n\n\n<p>La historia de Wilford y Melanie:&nbsp;Se explora m\u00e1s a fondo la relaci\u00f3n entre Melanie y Wilford, revelando que Melanie fue quien inicialmente arroj\u00f3 a Wilford del tren.<\/p>\n\n\n\n<p>La  serie muestra la vida en el fr\u00edo extremo:&nbsp;Tras 7 a\u00f1os de glaciaci\u00f3n, la serie muestra que el planeta podr\u00eda empezar a ser habitable de nuevo, evidenciado por la aparici\u00f3n de osos polares, lo que representa una esperanza para los supervivientes.<\/p>\n\n\n\n<p>La escena de los 7 minutos:\u00a0La truculenta escena donde un brazo se congela en 7 minutos y luego es destrozado, mostrada en\u00a0off\u00a0(fuera de plano), justifica por qu\u00e9 algunos personajes, como Gilliam, carecen de extremidades.<\/p>\n\n\n\n<p>El motor y la revoluci\u00f3n:\u00a0El tren disminuye ligeramente su velocidad cada revoluci\u00f3n, obligando a los ingenieros a revertirlo continuamente para evitar la congelaci\u00f3n total.<\/p>\n\n\n\n<p>La serie muestra la divisi\u00f3n que hay entre clases dentro del tren desde escuelas para Millonarios al canibalismo que existe en los \u00faltimos vagones del tren: Desde aulas de lujo para los ni\u00f1os de primera clase hasta los vagones de comida (a menudo barras de prote\u00edna hechas de desechos) y vagones con vida vegetal.<\/p>\n\n\n\n<p><\/p>\n","protected":false},"excerpt":{"rendered":"<p>Algunas curiosidades de la serie son: La Lucha de clases:&nbsp;La distribuci\u00f3n de pasajeros en vagones representa una sociedad dividida horizontalmente por clase, desde los \u00abcoleros\u00bb (tailies) en la cola hasta los ricos en la cabeza del tren. Canibalismo y cr\u00edtica:&nbsp;El consumo de ni\u00f1os en la cola se presenta como una consecuencia del sistema capitalista que [&hellip;]<\/p>\n","protected":false},"author":2,"featured_media":0,"parent":0,"menu_order":0,"comment_status":"closed","ping_status":"closed","template":"","meta":{"footnotes":""},"class_list":["post-22","page","type-page","status-publish","hentry"],"_links":{"self":[{"href":"https:\/\/robertogracia.fpcei.eu\/index.php?rest_route=\/wp\/v2\/pages\/22","targetHints":{"allow":["GET"]}}],"collection":[{"href":"https:\/\/robertogracia.fpcei.eu\/index.php?rest_route=\/wp\/v2\/pages"}],"about":[{"href":"https:\/\/robertogracia.fpcei.eu\/index.php?rest_route=\/wp\/v2\/types\/page"}],"author":[{"embeddable":true,"href":"https:\/\/robertogracia.fpcei.eu\/index.php?rest_route=\/wp\/v2\/users\/2"}],"replies":[{"embeddable":true,"href":"https:\/\/robertogracia.fpcei.eu\/index.php?rest_route=%2Fwp%2Fv2%2Fcomments&post=22"}],"version-history":[{"count":4,"href":"https:\/\/robertogracia.fpcei.eu\/index.php?rest_route=\/wp\/v2\/pages\/22\/revisions"}],"predecessor-version":[{"id":126,"href":"https:\/\/robertogracia.fpcei.eu\/index.php?rest_route=\/wp\/v2\/pages\/22\/revisions\/126"}],"wp:attachment":[{"href":"https:\/\/robertogracia.fpcei.eu\/index.php?rest_route=%2Fwp%2Fv2%2Fmedia&parent=22"}],"curies":[{"name":"wp","href":"https:\/\/api.w.org\/{rel}","templated":true}]}}