{"id":16,"date":"2026-01-21T09:51:55","date_gmt":"2026-01-21T09:51:55","guid":{"rendered":"https:\/\/robertogracia.fpcei.eu\/?page_id=16"},"modified":"2026-02-18T10:45:05","modified_gmt":"2026-02-18T10:45:05","slug":"historia","status":"publish","type":"page","link":"https:\/\/robertogracia.fpcei.eu\/?page_id=16","title":{"rendered":"Historia"},"content":{"rendered":"\n<p>Snowpiercer es una serie de ciencia ficci\u00f3n y drama ambientada en un futuro postapocal\u00edptico en el que la Tierra ha quedado completamente congelada. La \u00fanica esperanza de la humanidad es un tren que recorre el planeta sin detenerse, en cuyo interior los \u00faltimos supervivientes luchan por sobrevivir en una sociedad dividida por clases sociales.<\/p>\n\n\n\n<p>A lo largo de la serie se exploran temas como la desigualdad, el poder, la justicia y la moral, mostrando c\u00f3mo las decisiones de unos pocos pueden afectar al destino de todos. Cada vag\u00f3n del tren representa una forma distinta de vida y una visi\u00f3n diferente del mundo.<\/p>\n\n\n\n<p>En esta p\u00e1gina web podr\u00e1s encontrar informaci\u00f3n completa sobre \u00abSnowpiercer\u00bb, incluyendo su historia, un resumen y an\u00e1lisis de los cap\u00edtulos, curiosidades sobre la serie, descripciones de los personajes principales, los premios y reconocimientos que ha recibido, y una secci\u00f3n de opiniones donde se recogen tanto las cr\u00edticas como las valoraciones de los espectadores.<\/p>\n\n\n\n<figure class=\"wp-block-image size-large\"><img loading=\"lazy\" decoding=\"async\" width=\"1024\" height=\"576\" src=\"https:\/\/robertogracia.fpcei.eu\/wp-content\/uploads\/2026\/01\/image-4-1024x576.png\" alt=\"\" class=\"wp-image-37\" srcset=\"https:\/\/robertogracia.fpcei.eu\/wp-content\/uploads\/2026\/01\/image-4-1024x576.png 1024w, https:\/\/robertogracia.fpcei.eu\/wp-content\/uploads\/2026\/01\/image-4-300x169.png 300w, https:\/\/robertogracia.fpcei.eu\/wp-content\/uploads\/2026\/01\/image-4-768x432.png 768w, https:\/\/robertogracia.fpcei.eu\/wp-content\/uploads\/2026\/01\/image-4.png 1440w\" sizes=\"auto, (max-width: 1024px) 100vw, 1024px\" \/><\/figure>\n\n\n\n<p><\/p>\n\n\n<iframe loading=\"lazy\" class=\"embed-pdf-viewer\" src=\"https:\/\/robertogracia.fpcei.eu\/wp-content\/uploads\/2026\/02\/Historia-Snowpiercer-1.pdf\" height=\"626\" width=\"626\" title=\"Historia Snowpiercer\"><\/iframe>","protected":false},"excerpt":{"rendered":"<p>Snowpiercer es una serie de ciencia ficci\u00f3n y drama ambientada en un futuro postapocal\u00edptico en el que la Tierra ha quedado completamente congelada. La \u00fanica esperanza de la humanidad es un tren que recorre el planeta sin detenerse, en cuyo interior los \u00faltimos supervivientes luchan por sobrevivir en una sociedad dividida por clases sociales. A [&hellip;]<\/p>\n","protected":false},"author":2,"featured_media":0,"parent":0,"menu_order":0,"comment_status":"closed","ping_status":"closed","template":"","meta":{"footnotes":""},"class_list":["post-16","page","type-page","status-publish","hentry"],"_links":{"self":[{"href":"https:\/\/robertogracia.fpcei.eu\/index.php?rest_route=\/wp\/v2\/pages\/16","targetHints":{"allow":["GET"]}}],"collection":[{"href":"https:\/\/robertogracia.fpcei.eu\/index.php?rest_route=\/wp\/v2\/pages"}],"about":[{"href":"https:\/\/robertogracia.fpcei.eu\/index.php?rest_route=\/wp\/v2\/types\/page"}],"author":[{"embeddable":true,"href":"https:\/\/robertogracia.fpcei.eu\/index.php?rest_route=\/wp\/v2\/users\/2"}],"replies":[{"embeddable":true,"href":"https:\/\/robertogracia.fpcei.eu\/index.php?rest_route=%2Fwp%2Fv2%2Fcomments&post=16"}],"version-history":[{"count":7,"href":"https:\/\/robertogracia.fpcei.eu\/index.php?rest_route=\/wp\/v2\/pages\/16\/revisions"}],"predecessor-version":[{"id":140,"href":"https:\/\/robertogracia.fpcei.eu\/index.php?rest_route=\/wp\/v2\/pages\/16\/revisions\/140"}],"wp:attachment":[{"href":"https:\/\/robertogracia.fpcei.eu\/index.php?rest_route=%2Fwp%2Fv2%2Fmedia&parent=16"}],"curies":[{"name":"wp","href":"https:\/\/api.w.org\/{rel}","templated":true}]}}